{"id":605,"date":"2021-04-03T02:40:12","date_gmt":"2021-04-02T23:40:12","guid":{"rendered":"https:\/\/www.gavias-theme.com\/wp\/kitecx\/donor-dashboard-3\/"},"modified":"2024-08-14T19:00:42","modified_gmt":"2024-08-14T16:00:42","slug":"projects","status":"publish","type":"page","link":"https:\/\/www.beylerinsaat.com.tr\/en\/projects","title":{"rendered":"PROJECTS"},"content":{"rendered":"\t\t<div data-elementor-type=\"wp-page\" data-elementor-id=\"605\" class=\"elementor elementor-605\" data-elementor-settings=\"[]\">\n\t\t\t\t\t\t\t<div class=\"elementor-section-wrap\">\n\t\t\t\t\t\t\t<section class=\"elementor-section elementor-top-section elementor-element elementor-element-36d24af elementor-section-full_width elementor-section-stretched elementor-section-height-default elementor-section-height-default row-top\" data-id=\"36d24af\" data-element_type=\"section\" data-settings=\"{&quot;stretch_section&quot;:&quot;section-stretched&quot;}\">\n\t\t\t\t\t\t<div class=\"elementor-container elementor-column-gap-no\">\n\t\t\t\t\t<div class=\"elementor-column elementor-col-100 elementor-top-column elementor-element elementor-element-baad64d column-style-top\" data-id=\"baad64d\" data-element_type=\"column\">\n\t\t\t<div class=\"elementor-widget-wrap elementor-element-populated\">\n\t\t\t\t\t\t\t\t<div class=\"elementor-element elementor-element-9c7b8a2 elementor-widget elementor-widget-image\" data-id=\"9c7b8a2\" data-element_type=\"widget\" data-widget_type=\"image.default\">\n\t\t\t\t<div class=\"elementor-widget-container\">\n\t\t\t<style>\/*! elementor - v3.5.5 - 03-02-2022 *\/\n.elementor-widget-image{text-align:center}.elementor-widget-image a{display:inline-block}.elementor-widget-image a img[src$=\".svg\"]{width:48px}.elementor-widget-image img{vertical-align:middle;display:inline-block}<\/style>\t\t\t\t\t\t\t\t\t\t\t\t<img width=\"1920\" height=\"800\" src=\"https:\/\/www.beylerinsaat.com.tr\/en\/wp-content\/uploads\/2022\/04\/projects.jpg\" class=\"attachment-full size-full\" alt=\"\" loading=\"lazy\" srcset=\"https:\/\/www.beylerinsaat.com.tr\/en\/wp-content\/uploads\/2022\/04\/projects.jpg 1920w, https:\/\/www.beylerinsaat.com.tr\/en\/wp-content\/uploads\/2022\/04\/projects-1024x427.jpg 1024w, https:\/\/www.beylerinsaat.com.tr\/en\/wp-content\/uploads\/2022\/04\/projects-768x320.jpg 768w\" sizes=\"(max-width: 1920px) 100vw, 1920px\" \/>\t\t\t\t\t\t\t\t\t\t\t\t\t\t\t<\/div>\n\t\t\t\t<\/div>\n\t\t\t\t\t<\/div>\n\t\t<\/div>\n\t\t\t\t\t\t\t<\/div>\n\t\t<\/section>\n\t\t\t\t<section class=\"elementor-section elementor-top-section elementor-element elementor-element-9cab5c2 elementor-section-full_width elementor-section-height-default elementor-section-height-default row-top\" data-id=\"9cab5c2\" data-element_type=\"section\" data-settings=\"{&quot;background_background&quot;:&quot;classic&quot;}\">\n\t\t\t\t\t\t<div class=\"elementor-container elementor-column-gap-default\">\n\t\t\t\t\t<div class=\"elementor-column elementor-col-100 elementor-top-column elementor-element elementor-element-6c1ea59 column-style-top\" data-id=\"6c1ea59\" data-element_type=\"column\">\n\t\t\t<div class=\"elementor-widget-wrap elementor-element-populated\">\n\t\t\t\t\t\t\t\t<div class=\"elementor-element elementor-element-c6c63a6 elementor-widget elementor-widget-spacer\" data-id=\"c6c63a6\" data-element_type=\"widget\" data-widget_type=\"spacer.default\">\n\t\t\t\t<div class=\"elementor-widget-container\">\n\t\t\t\t\t<div class=\"elementor-spacer\">\n\t\t\t<div class=\"elementor-spacer-inner\"><\/div>\n\t\t<\/div>\n\t\t\t\t<\/div>\n\t\t\t\t<\/div>\n\t\t\t\t<div class=\"elementor-element elementor-element-2ff3f10 elementor-widget elementor-widget-gva-heading-block\" data-id=\"2ff3f10\" data-element_type=\"widget\" data-widget_type=\"gva-heading-block.default\">\n\t\t\t\t<div class=\"elementor-widget-container\">\n\t\t\t<div class=\"gva-element-gva-heading-block gva-element\">   <div class=\"align-center style-1 widget gsc-heading box-align-center auto-responsive\">\n      <div class=\"content-inner\">\n         \n                  \n           \n         \n                     <h2 class=\"title\">\n               <span>Ongoing Projects for Sale<\/span>\n            <\/h2>\n                  \n         \n      <\/div>\n   <\/div>\n<\/div>\t\t<\/div>\n\t\t\t\t<\/div>\n\t\t\t\t<div class=\"elementor-element elementor-element-edecbc0 small-gutter elementor-widget elementor-widget-gva-portfolio\" data-id=\"edecbc0\" data-element_type=\"widget\" data-widget_type=\"gva-portfolio.default\">\n\t\t\t\t<div class=\"elementor-widget-container\">\n\t\t\t<div class=\"gva-element-gva-portfolio gva-element\">\n  <div class=\"gva-portfolio-grid clearfix grid-lw2n\" data-filter=\"lw2n\">\n        <div class=\"gva-content-items\"> \n      <div class=\"isotope-items view-portfolio lg-block-grid-4 md-block-grid-4 sm-block-grid-1 xs-block-grid-1 xx-block-grid-1\">\n        <div class=\"all satisi-devam-eden  item-columns isotope-item\">\n   <div class=\"portfolio-block portfolio-v1\">      \n      <div class=\"images\">\n         <a class=\"link-image-content\" href=\"https:\/\/www.beylerinsaat.com.tr\/en\/portfolio\/vincenza-konaklari-3-butik\/\">\n            <img width=\"600\" height=\"470\" src=\"https:\/\/www.beylerinsaat.com.tr\/en\/wp-content\/uploads\/2024\/08\/Vincenza-Konaklari-3-Butik-1920x1080-Karartmali-Logolu-600x470.jpg\" class=\"attachment-post-thumbnail size-post-thumbnail wp-post-image\" alt=\"\" loading=\"lazy\" \/>         <\/a>\n            \n      <\/div>\n      <div class=\"portfolio-content\">\n         <div class=\"content-inner\">\n            <div class=\"portfolio-meta\"><a href=\"https:\/\/www.beylerinsaat.com.tr\/en\/category-portfolio\/satisi-devam-eden\/\" title=\"View all posts in Sat\u0131\u015f\u0131 Devam Eden\">Sat\u0131\u015f\u0131 Devam Eden<\/a><\/div>\n            <h3 class=\"title\"><a href=\"https:\/\/www.beylerinsaat.com.tr\/en\/portfolio\/vincenza-konaklari-3-butik\/\">V\u0130NCENZA KONAKLARI 3 BUT\u0130K<\/a><\/h3> \n         <\/div>    \n      <\/div>   \n   <\/div>\n<\/div>\n\n  <div class=\"all satisi-devam-eden  item-columns isotope-item\">\n   <div class=\"portfolio-block portfolio-v1\">      \n      <div class=\"images\">\n         <a class=\"link-image-content\" href=\"https:\/\/www.beylerinsaat.com.tr\/en\/private-residence\">\n            <img width=\"600\" height=\"470\" src=\"https:\/\/www.beylerinsaat.com.tr\/en\/wp-content\/uploads\/2021\/12\/Private-Residence-1920x1080-Karartmali-Logolu-600x470.jpg\" class=\"attachment-post-thumbnail size-post-thumbnail wp-post-image\" alt=\"\" loading=\"lazy\" \/>         <\/a>\n                        <a class=\"link-gallery photo-gallery-item\" href=\"https:\/\/www.beylerinsaat.com.tr\/en\/wp-content\/uploads\/2021\/12\/1-1.jpg\" data-elementor-lightbox-slideshow=\"52956\">\n                  <span class=\"image-expand\"><i class=\"icon far fa-images\"><\/i><\/span>\n                  <img src=\"https:\/\/www.beylerinsaat.com.tr\/en\/wp-content\/uploads\/2021\/12\/1-1-180x180.jpg\" alt=\"PR\u0130VATE RES\u0130DENCE\" class=\"hidden\" \/>\n               <\/a>\n                        \n      <\/div>\n      <div class=\"portfolio-content\">\n         <div class=\"content-inner\">\n            <div class=\"portfolio-meta\"><a href=\"https:\/\/www.beylerinsaat.com.tr\/en\/category-portfolio\/satisi-devam-eden\/\" title=\"View all posts in Sat\u0131\u015f\u0131 Devam Eden\">Sat\u0131\u015f\u0131 Devam Eden<\/a><\/div>\n            <h3 class=\"title\"><a href=\"https:\/\/www.beylerinsaat.com.tr\/en\/private-residence\">PR\u0130VATE RES\u0130DENCE<\/a><\/h3> \n         <\/div>    \n      <\/div>   \n   <\/div>\n<\/div>\n\n        <\/div>\n    <\/div>\n      <\/div>\n  <\/div>\t\t<\/div>\n\t\t\t\t<\/div>\n\t\t\t\t\t<\/div>\n\t\t<\/div>\n\t\t\t\t\t\t\t<\/div>\n\t\t<\/section>\n\t\t\t\t<section class=\"elementor-section elementor-top-section elementor-element elementor-element-fe48f58 elementor-section-full_width elementor-section-height-default elementor-section-height-default row-top\" data-id=\"fe48f58\" data-element_type=\"section\" data-settings=\"{&quot;background_background&quot;:&quot;classic&quot;}\">\n\t\t\t\t\t\t<div class=\"elementor-container elementor-column-gap-default\">\n\t\t\t\t\t<div class=\"elementor-column elementor-col-100 elementor-top-column elementor-element elementor-element-f1df0db column-style-top\" data-id=\"f1df0db\" data-element_type=\"column\">\n\t\t\t<div class=\"elementor-widget-wrap elementor-element-populated\">\n\t\t\t\t\t\t\t\t<div class=\"elementor-element elementor-element-fcb895e elementor-widget elementor-widget-spacer\" data-id=\"fcb895e\" data-element_type=\"widget\" data-widget_type=\"spacer.default\">\n\t\t\t\t<div class=\"elementor-widget-container\">\n\t\t\t\t\t<div class=\"elementor-spacer\">\n\t\t\t<div class=\"elementor-spacer-inner\"><\/div>\n\t\t<\/div>\n\t\t\t\t<\/div>\n\t\t\t\t<\/div>\n\t\t\t\t<div class=\"elementor-element elementor-element-1cc7b22 elementor-widget elementor-widget-gva-heading-block\" data-id=\"1cc7b22\" data-element_type=\"widget\" data-widget_type=\"gva-heading-block.default\">\n\t\t\t\t<div class=\"elementor-widget-container\">\n\t\t\t<div class=\"gva-element-gva-heading-block gva-element\">   <div class=\"align-center style-1 widget gsc-heading box-align-center auto-responsive\">\n      <div class=\"content-inner\">\n         \n                  \n           \n         \n                     <h2 class=\"title\">\n               <span>Completed Projects<\/span>\n            <\/h2>\n                  \n         \n      <\/div>\n   <\/div>\n<\/div>\t\t<\/div>\n\t\t\t\t<\/div>\n\t\t\t\t<div class=\"elementor-element elementor-element-e6fd580 small-gutter elementor-widget elementor-widget-gva-portfolio\" data-id=\"e6fd580\" data-element_type=\"widget\" data-widget_type=\"gva-portfolio.default\">\n\t\t\t\t<div class=\"elementor-widget-container\">\n\t\t\t<div class=\"gva-element-gva-portfolio gva-element\">\n  <div class=\"gva-portfolio-grid clearfix grid-ela2\" data-filter=\"ela2\">\n        <div class=\"gva-content-items\"> \n      <div class=\"isotope-items view-portfolio lg-block-grid-4 md-block-grid-4 sm-block-grid-1 xs-block-grid-1 xx-block-grid-1\">\n        <div class=\"all satisi-tamamlanan  item-columns isotope-item\">\n   <div class=\"portfolio-block portfolio-v1\">      \n      <div class=\"images\">\n         <a class=\"link-image-content\" href=\"https:\/\/www.beylerinsaat.com.tr\/en\/vincenza-konaklari-2\">\n            <img width=\"600\" height=\"470\" src=\"https:\/\/www.beylerinsaat.com.tr\/en\/wp-content\/uploads\/2022\/06\/Vincenza-Konaklari-2-600x470.jpg\" class=\"attachment-post-thumbnail size-post-thumbnail wp-post-image\" alt=\"\" loading=\"lazy\" \/>         <\/a>\n                        <a class=\"link-gallery photo-gallery-item\" href=\"https:\/\/www.beylerinsaat.com.tr\/en\/wp-content\/uploads\/2021\/12\/1-1.jpg\" data-elementor-lightbox-slideshow=\"23794\">\n                  <span class=\"image-expand\"><i class=\"icon far fa-images\"><\/i><\/span>\n                  <img src=\"https:\/\/www.beylerinsaat.com.tr\/en\/wp-content\/uploads\/2021\/12\/1-1-180x180.jpg\" alt=\"V\u0130NCENZA KONAKLARI-2\" class=\"hidden\" \/>\n               <\/a>\n                        \n      <\/div>\n      <div class=\"portfolio-content\">\n         <div class=\"content-inner\">\n            <div class=\"portfolio-meta\"><a href=\"https:\/\/www.beylerinsaat.com.tr\/en\/category-portfolio\/satisi-tamamlanan\/\" title=\"View all posts in Sat\u0131\u015f\u0131 Tamamlanan\">Sat\u0131\u015f\u0131 Tamamlanan<\/a><\/div>\n            <h3 class=\"title\"><a href=\"https:\/\/www.beylerinsaat.com.tr\/en\/vincenza-konaklari-2\">V\u0130NCENZA KONAKLARI-2<\/a><\/h3> \n         <\/div>    \n      <\/div>   \n   <\/div>\n<\/div>\n\n  <div class=\"all satisi-tamamlanan  item-columns isotope-item\">\n   <div class=\"portfolio-block portfolio-v1\">      \n      <div class=\"images\">\n         <a class=\"link-image-content\" href=\"https:\/\/www.beylerinsaat.com.tr\/en\/vincenza-konaklari\">\n            <img width=\"600\" height=\"470\" src=\"https:\/\/www.beylerinsaat.com.tr\/en\/wp-content\/uploads\/2021\/12\/vincenze-konaklari-1-600x470.jpg\" class=\"attachment-post-thumbnail size-post-thumbnail wp-post-image\" alt=\"beylikd\u00fcz\u00fc konut projesi\" loading=\"lazy\" \/>         <\/a>\n                        <a class=\"link-gallery photo-gallery-item\" href=\"https:\/\/www.beylerinsaat.com.tr\/en\/wp-content\/uploads\/2021\/12\/1-1.jpg\" data-elementor-lightbox-slideshow=\"90190\">\n                  <span class=\"image-expand\"><i class=\"icon far fa-images\"><\/i><\/span>\n                  <img src=\"https:\/\/www.beylerinsaat.com.tr\/en\/wp-content\/uploads\/2021\/12\/1-1-180x180.jpg\" alt=\"V\u0130NCENZA KONAKLARI\" class=\"hidden\" \/>\n               <\/a>\n                        \n      <\/div>\n      <div class=\"portfolio-content\">\n         <div class=\"content-inner\">\n            <div class=\"portfolio-meta\"><a href=\"https:\/\/www.beylerinsaat.com.tr\/en\/category-portfolio\/satisi-tamamlanan\/\" title=\"View all posts in Sat\u0131\u015f\u0131 Tamamlanan\">Sat\u0131\u015f\u0131 Tamamlanan<\/a><\/div>\n            <h3 class=\"title\"><a href=\"https:\/\/www.beylerinsaat.com.tr\/en\/vincenza-konaklari\">V\u0130NCENZA KONAKLARI<\/a><\/h3> \n         <\/div>    \n      <\/div>   \n   <\/div>\n<\/div>\n\n  <div class=\"all satisi-tamamlanan  item-columns isotope-item\">\n   <div class=\"portfolio-block portfolio-v1\">      \n      <div class=\"images\">\n         <a class=\"link-image-content\" href=\"https:\/\/www.beylerinsaat.com.tr\/en\/bey-residence-corlu\">\n            <img width=\"600\" height=\"470\" src=\"https:\/\/www.beylerinsaat.com.tr\/en\/wp-content\/uploads\/2021\/12\/Corlu-Bey-Konaklari-1920x1080-Karartmali-Logolu-600x470.jpg\" class=\"attachment-post-thumbnail size-post-thumbnail wp-post-image\" alt=\"\" loading=\"lazy\" \/>         <\/a>\n                        <a class=\"link-gallery photo-gallery-item\" href=\"https:\/\/www.beylerinsaat.com.tr\/en\/wp-content\/uploads\/2021\/12\/1-1.jpg\" data-elementor-lightbox-slideshow=\"86611\">\n                  <span class=\"image-expand\"><i class=\"icon far fa-images\"><\/i><\/span>\n                  <img src=\"https:\/\/www.beylerinsaat.com.tr\/en\/wp-content\/uploads\/2021\/12\/1-1-180x180.jpg\" alt=\"\u00c7ORLU BEY KONAKLARI\" class=\"hidden\" \/>\n               <\/a>\n                        \n      <\/div>\n      <div class=\"portfolio-content\">\n         <div class=\"content-inner\">\n            <div class=\"portfolio-meta\"><a href=\"https:\/\/www.beylerinsaat.com.tr\/en\/category-portfolio\/satisi-tamamlanan\/\" title=\"View all posts in Sat\u0131\u015f\u0131 Tamamlanan\">Sat\u0131\u015f\u0131 Tamamlanan<\/a><\/div>\n            <h3 class=\"title\"><a href=\"https:\/\/www.beylerinsaat.com.tr\/en\/bey-residence-corlu\">\u00c7ORLU BEY KONAKLARI<\/a><\/h3> \n         <\/div>    \n      <\/div>   \n   <\/div>\n<\/div>\n\n  <div class=\"all satisi-tamamlanan  item-columns isotope-item\">\n   <div class=\"portfolio-block portfolio-v1\">      \n      <div class=\"images\">\n         <a class=\"link-image-content\" href=\"https:\/\/www.beylerinsaat.com.tr\/en\/gelibolu-konaklari\">\n            <img width=\"600\" height=\"470\" src=\"https:\/\/www.beylerinsaat.com.tr\/en\/wp-content\/uploads\/2021\/12\/gelibolu-bey-konaklari-600x470-1.jpg\" class=\"attachment-post-thumbnail size-post-thumbnail wp-post-image\" alt=\"Gelibolu konut projesi\" loading=\"lazy\" \/>         <\/a>\n            \n      <\/div>\n      <div class=\"portfolio-content\">\n         <div class=\"content-inner\">\n            <div class=\"portfolio-meta\"><a href=\"https:\/\/www.beylerinsaat.com.tr\/en\/category-portfolio\/satisi-tamamlanan\/\" title=\"View all posts in Sat\u0131\u015f\u0131 Tamamlanan\">Sat\u0131\u015f\u0131 Tamamlanan<\/a><\/div>\n            <h3 class=\"title\"><a href=\"https:\/\/www.beylerinsaat.com.tr\/en\/gelibolu-konaklari\">GEL\u0130BOLU KONAKLARI<\/a><\/h3> \n         <\/div>    \n      <\/div>   \n   <\/div>\n<\/div>\n\n  <div class=\"all satisi-tamamlanan  item-columns isotope-item\">\n   <div class=\"portfolio-block portfolio-v1\">      \n      <div class=\"images\">\n         <a class=\"link-image-content\" href=\"https:\/\/www.beylerinsaat.com.tr\/en\/bey-residence\">\n            <img width=\"600\" height=\"470\" src=\"https:\/\/www.beylerinsaat.com.tr\/en\/wp-content\/uploads\/2021\/12\/bey-residance-600x470.jpg\" class=\"attachment-post-thumbnail size-post-thumbnail wp-post-image\" alt=\"Beylikd\u00fcz\u00fc residence \u0130stanbul\" loading=\"lazy\" \/>         <\/a>\n            \n      <\/div>\n      <div class=\"portfolio-content\">\n         <div class=\"content-inner\">\n            <div class=\"portfolio-meta\"><a href=\"https:\/\/www.beylerinsaat.com.tr\/en\/category-portfolio\/satisi-tamamlanan\/\" title=\"View all posts in Sat\u0131\u015f\u0131 Tamamlanan\">Sat\u0131\u015f\u0131 Tamamlanan<\/a><\/div>\n            <h3 class=\"title\"><a href=\"https:\/\/www.beylerinsaat.com.tr\/en\/bey-residence\">BEY RES\u0130DENCE<\/a><\/h3> \n         <\/div>    \n      <\/div>   \n   <\/div>\n<\/div>\n\n  <div class=\"all satisi-tamamlanan  item-columns isotope-item\">\n   <div class=\"portfolio-block portfolio-v1\">      \n      <div class=\"images\">\n         <a class=\"link-image-content\" href=\"https:\/\/www.beylerinsaat.com.tr\/en\/bey-konagi\">\n            <img width=\"600\" height=\"470\" src=\"https:\/\/www.beylerinsaat.com.tr\/en\/wp-content\/uploads\/2021\/12\/beykonagi-600x470.jpg\" class=\"attachment-post-thumbnail size-post-thumbnail wp-post-image\" alt=\"Beylikd\u00fcz\u00fc Marina Villa\" loading=\"lazy\" \/>         <\/a>\n                        <a class=\"link-gallery photo-gallery-item\" href=\"https:\/\/www.beylerinsaat.com.tr\/en\/wp-content\/uploads\/2021\/12\/1-1.jpg\" data-elementor-lightbox-slideshow=\"56868\">\n                  <span class=\"image-expand\"><i class=\"icon far fa-images\"><\/i><\/span>\n                  <img src=\"https:\/\/www.beylerinsaat.com.tr\/en\/wp-content\/uploads\/2021\/12\/1-1-180x180.jpg\" alt=\"BEY KONA\u011eI\" class=\"hidden\" \/>\n               <\/a>\n                        \n      <\/div>\n      <div class=\"portfolio-content\">\n         <div class=\"content-inner\">\n            <div class=\"portfolio-meta\"><a href=\"https:\/\/www.beylerinsaat.com.tr\/en\/category-portfolio\/satisi-tamamlanan\/\" title=\"View all posts in Sat\u0131\u015f\u0131 Tamamlanan\">Sat\u0131\u015f\u0131 Tamamlanan<\/a><\/div>\n            <h3 class=\"title\"><a href=\"https:\/\/www.beylerinsaat.com.tr\/en\/bey-konagi\">BEY KONA\u011eI<\/a><\/h3> \n         <\/div>    \n      <\/div>   \n   <\/div>\n<\/div>\n\n        <\/div>\n    <\/div>\n      <\/div>\n  <\/div>\t\t<\/div>\n\t\t\t\t<\/div>\n\t\t\t\t\t<\/div>\n\t\t<\/div>\n\t\t\t\t\t\t\t<\/div>\n\t\t<\/section>\n\t\t\t\t\t\t<\/div>\n\t\t\t\t\t<\/div>\n\t\t","protected":false},"excerpt":{"rendered":"<p>Ongoing Projects for Sale Sat\u0131\u015f\u0131 Devam Eden PR\u0130VATE RES\u0130DENCE Completed Projects Sat\u0131\u015f\u0131 Tamamlanan V\u0130NCENZA KONAKLARI-2 Sat\u0131\u015f\u0131 Tamamlanan BEY MAR\u0130NN Sat\u0131\u015f\u0131 Tamamlanan V\u0130NCENZA KONAKLARI Sat\u0131\u015f\u0131 Tamamlanan BEY RES\u0130DENCE \u00c7ORLU Sat\u0131\u015f\u0131 Tamamlanan GEL\u0130BOLU KONAKLARI Sat\u0131\u015f\u0131 Tamamlanan BEY TOWER BLUE Sat\u0131\u015f\u0131 Tamamlanan BEY RES\u0130DENCE Sat\u0131\u015f\u0131 Tamamlanan BEY KONA\u011eI<\/p>\n","protected":false},"author":1,"featured_media":0,"parent":0,"menu_order":0,"comment_status":"closed","ping_status":"closed","template":"","meta":[],"yoast_head":"\n<title>Villa and Residence Projects | BEYLER CONSTRUCTION co. INC<\/title>\n<meta name=\"description\" content=\"Building luxury living areas with housing, villa and residence projects in Istanbul Beylikd\u00fcz\u00fc, Esenyurt, B\u00fcy\u00fck\u00e7ekmece, Tekirda\u011f, \u00c7anakkale and many more regions\" \/>\n<meta name=\"robots\" content=\"index, follow, max-snippet:-1, max-image-preview:large, max-video-preview:-1\" \/>\n<link rel=\"canonical\" href=\"https:\/\/www.beylerinsaat.com.tr\/en\/projects\/\" \/>\n<meta property=\"og:locale\" content=\"tr_TR\" \/>\n<meta property=\"og:type\" content=\"article\" \/>\n<meta property=\"og:title\" content=\"Villa and Residence Projects | BEYLER CONSTRUCTION co. INC\" \/>\n<meta property=\"og:description\" content=\"Building luxury living areas with housing, villa and residence projects in Istanbul Beylikd\u00fcz\u00fc, Esenyurt, B\u00fcy\u00fck\u00e7ekmece, Tekirda\u011f, \u00c7anakkale and many more regions\" \/>\n<meta property=\"og:url\" content=\"https:\/\/www.beylerinsaat.com.tr\/en\/projects\/\" \/>\n<meta property=\"og:site_name\" content=\"BEYLER CONSTRUCTION co. INC\" \/>\n<meta property=\"article:modified_time\" content=\"2024-08-14T16:00:42+00:00\" \/>\n<meta property=\"og:image\" content=\"https:\/\/www.beylerinsaat.com.tr\/en\/wp-content\/uploads\/2022\/04\/projects.jpg\" \/>\n<meta name=\"twitter:card\" content=\"summary_large_image\" \/>\n<meta name=\"twitter:label1\" content=\"Tahmini okuma s\u00fcresi\" \/>\n\t<meta name=\"twitter:data1\" content=\"3 dakika\" \/>\n<script type=\"application\/ld+json\" class=\"yoast-schema-graph\">{\"@context\":\"https:\/\/schema.org\",\"@graph\":[{\"@type\":\"WebSite\",\"@id\":\"https:\/\/www.beylerinsaat.com.tr\/en\/#website\",\"url\":\"https:\/\/www.beylerinsaat.com.tr\/en\/\",\"name\":\"BEYLER CONSTRUCTION co. INC\",\"description\":\"Ever Better!\",\"potentialAction\":[{\"@type\":\"SearchAction\",\"target\":{\"@type\":\"EntryPoint\",\"urlTemplate\":\"https:\/\/www.beylerinsaat.com.tr\/en\/?s={search_term_string}\"},\"query-input\":\"required name=search_term_string\"}],\"inLanguage\":\"tr\"},{\"@type\":\"ImageObject\",\"@id\":\"https:\/\/www.beylerinsaat.com.tr\/en\/projects\/#primaryimage\",\"inLanguage\":\"tr\",\"url\":\"https:\/\/www.beylerinsaat.com.tr\/en\/wp-content\/uploads\/2022\/04\/projects.jpg\",\"contentUrl\":\"https:\/\/www.beylerinsaat.com.tr\/en\/wp-content\/uploads\/2022\/04\/projects.jpg\",\"width\":1920,\"height\":800},{\"@type\":\"WebPage\",\"@id\":\"https:\/\/www.beylerinsaat.com.tr\/en\/projects\/#webpage\",\"url\":\"https:\/\/www.beylerinsaat.com.tr\/en\/projects\/\",\"name\":\"Villa and Residence Projects | BEYLER CONSTRUCTION co. INC\",\"isPartOf\":{\"@id\":\"https:\/\/www.beylerinsaat.com.tr\/en\/#website\"},\"primaryImageOfPage\":{\"@id\":\"https:\/\/www.beylerinsaat.com.tr\/en\/projects\/#primaryimage\"},\"datePublished\":\"2021-04-02T23:40:12+00:00\",\"dateModified\":\"2024-08-14T16:00:42+00:00\",\"description\":\"Building luxury living areas with housing, villa and residence projects in Istanbul Beylikd\u00fcz\u00fc, Esenyurt, B\u00fcy\u00fck\u00e7ekmece, Tekirda\u011f, \u00c7anakkale and many more regions\",\"breadcrumb\":{\"@id\":\"https:\/\/www.beylerinsaat.com.tr\/en\/projects\/#breadcrumb\"},\"inLanguage\":\"tr\",\"potentialAction\":[{\"@type\":\"ReadAction\",\"target\":[\"https:\/\/www.beylerinsaat.com.tr\/en\/projects\/\"]}]},{\"@type\":\"BreadcrumbList\",\"@id\":\"https:\/\/www.beylerinsaat.com.tr\/en\/projects\/#breadcrumb\",\"itemListElement\":[{\"@type\":\"ListItem\",\"position\":1,\"name\":\"Anasayfa\",\"item\":\"https:\/\/www.beylerinsaat.com.tr\/en\/\"},{\"@type\":\"ListItem\",\"position\":2,\"name\":\"PROJECTS\"}]}]}<\/script>\n","yoast_head_json":{"title":"Villa and Residence Projects | BEYLER CONSTRUCTION co. INC","description":"Building luxury living areas with housing, villa and residence projects in Istanbul Beylikd\u00fcz\u00fc, Esenyurt, B\u00fcy\u00fck\u00e7ekmece, Tekirda\u011f, \u00c7anakkale and many more regions","robots":{"index":"index","follow":"follow","max-snippet":"max-snippet:-1","max-image-preview":"max-image-preview:large","max-video-preview":"max-video-preview:-1"},"canonical":"https:\/\/www.beylerinsaat.com.tr\/en\/projects\/","og_locale":"tr_TR","og_type":"article","og_title":"Villa and Residence Projects | BEYLER CONSTRUCTION co. INC","og_description":"Building luxury living areas with housing, villa and residence projects in Istanbul Beylikd\u00fcz\u00fc, Esenyurt, B\u00fcy\u00fck\u00e7ekmece, Tekirda\u011f, \u00c7anakkale and many more regions","og_url":"https:\/\/www.beylerinsaat.com.tr\/en\/projects\/","og_site_name":"BEYLER CONSTRUCTION co. INC","article_modified_time":"2024-08-14T16:00:42+00:00","og_image":[{"url":"https:\/\/www.beylerinsaat.com.tr\/en\/wp-content\/uploads\/2022\/04\/projects.jpg"}],"twitter_card":"summary_large_image","twitter_misc":{"Tahmini okuma s\u00fcresi":"3 dakika"},"schema":{"@context":"https:\/\/schema.org","@graph":[{"@type":"WebSite","@id":"https:\/\/www.beylerinsaat.com.tr\/en\/#website","url":"https:\/\/www.beylerinsaat.com.tr\/en\/","name":"BEYLER CONSTRUCTION co. INC","description":"Ever Better!","potentialAction":[{"@type":"SearchAction","target":{"@type":"EntryPoint","urlTemplate":"https:\/\/www.beylerinsaat.com.tr\/en\/?s={search_term_string}"},"query-input":"required name=search_term_string"}],"inLanguage":"tr"},{"@type":"ImageObject","@id":"https:\/\/www.beylerinsaat.com.tr\/en\/projects\/#primaryimage","inLanguage":"tr","url":"https:\/\/www.beylerinsaat.com.tr\/en\/wp-content\/uploads\/2022\/04\/projects.jpg","contentUrl":"https:\/\/www.beylerinsaat.com.tr\/en\/wp-content\/uploads\/2022\/04\/projects.jpg","width":1920,"height":800},{"@type":"WebPage","@id":"https:\/\/www.beylerinsaat.com.tr\/en\/projects\/#webpage","url":"https:\/\/www.beylerinsaat.com.tr\/en\/projects\/","name":"Villa and Residence Projects | BEYLER CONSTRUCTION co. INC","isPartOf":{"@id":"https:\/\/www.beylerinsaat.com.tr\/en\/#website"},"primaryImageOfPage":{"@id":"https:\/\/www.beylerinsaat.com.tr\/en\/projects\/#primaryimage"},"datePublished":"2021-04-02T23:40:12+00:00","dateModified":"2024-08-14T16:00:42+00:00","description":"Building luxury living areas with housing, villa and residence projects in Istanbul Beylikd\u00fcz\u00fc, Esenyurt, B\u00fcy\u00fck\u00e7ekmece, Tekirda\u011f, \u00c7anakkale and many more regions","breadcrumb":{"@id":"https:\/\/www.beylerinsaat.com.tr\/en\/projects\/#breadcrumb"},"inLanguage":"tr","potentialAction":[{"@type":"ReadAction","target":["https:\/\/www.beylerinsaat.com.tr\/en\/projects\/"]}]},{"@type":"BreadcrumbList","@id":"https:\/\/www.beylerinsaat.com.tr\/en\/projects\/#breadcrumb","itemListElement":[{"@type":"ListItem","position":1,"name":"Anasayfa","item":"https:\/\/www.beylerinsaat.com.tr\/en\/"},{"@type":"ListItem","position":2,"name":"PROJECTS"}]}]}},"_links":{"self":[{"href":"https:\/\/www.beylerinsaat.com.tr\/en\/wp-json\/wp\/v2\/pages\/605"}],"collection":[{"href":"https:\/\/www.beylerinsaat.com.tr\/en\/wp-json\/wp\/v2\/pages"}],"about":[{"href":"https:\/\/www.beylerinsaat.com.tr\/en\/wp-json\/wp\/v2\/types\/page"}],"author":[{"embeddable":true,"href":"https:\/\/www.beylerinsaat.com.tr\/en\/wp-json\/wp\/v2\/users\/1"}],"replies":[{"embeddable":true,"href":"https:\/\/www.beylerinsaat.com.tr\/en\/wp-json\/wp\/v2\/comments?post=605"}],"version-history":[{"count":0,"href":"https:\/\/www.beylerinsaat.com.tr\/en\/wp-json\/wp\/v2\/pages\/605\/revisions"}],"wp:attachment":[{"href":"https:\/\/www.beylerinsaat.com.tr\/en\/wp-json\/wp\/v2\/media?parent=605"}],"curies":[{"name":"wp","href":"https:\/\/api.w.org\/{rel}","templated":true}]}}